{"id":1235,"date":"2019-05-26T16:52:35","date_gmt":"2019-05-26T16:52:35","guid":{"rendered":"http:\/\/youinberlin.de\/?page_id=1235"},"modified":"2019-07-26T14:16:55","modified_gmt":"2019-07-26T14:16:55","slug":"impressum","status":"publish","type":"page","link":"https:\/\/youinberlin.de\/?page_id=1235&lang=de","title":{"rendered":"Impressum"},"content":{"rendered":"<h2>Impressum<\/h2>\n<h5>Angaben gem\u00e4\u00df \u00a75 Telemediengesetz (TMG):<\/h5>\n<p>You In Berlin<br \/>\nCarlo Cimmino<br \/>\nPropststra\u00dfe 1<br \/>\n10178 Berlin<\/p>\n<p>Telefon: +49 163 253 875 0<br \/>\nE-Mail: info@youinberlin.de<\/p>\n<p>Die Leistung ist gem\u00e4\u00df \u00a719 UStG von der Umsatzsteuer befreit (Kleinunternehmer Regelung)<br \/>\nInhaltlich Verantwortlicher gem. \u00a755 II RStV: Carlo Cimmino (Anschrift s.o.)<\/p>\n<h5><strong>Bildquellen:<\/strong><\/h5>\n<p>Die Inhalte der Website und die verwendeten Fotos sind urheberrechtlich gesch\u00fctzt.<br \/>\nEine Vervielf\u00e4ltigung oder Verwendung der Texte und Fotos in anderen elektronischen oder gedruckten Publikationen ist nicht gestattet.<\/p>\n<p>Berlin skyline im Sommer bei Sonnenuntergang<br \/>\n\u00a9eyetronic\/stock.adobe.com<\/p>\n<p>tourist buses at the bus station<br \/>\n\u00a9Yuri Bizgaimer\/stock.adobe.com<\/p>\n<p>Greetings-from-Berlin<br \/>\n\u00a9markus-spiske-144806\/unsplash.com<\/p>\n<p>Fernsehturm<br \/>\n\u00a9Alex_wouter-de-koster-218472\/unsplash.com<\/p>\n<p>Quadriga<br \/>\n\u00a9mia-moessinger-1512432\/unsplash.com<\/p>\n<p>Alexanderplatz<br \/>\n\u00a9norali-emilio-1444915\/unsplash.com<\/p>\n<p>J\u00fcdisches Denkmal<br \/>\n\u00a9giulia-gasperini-790085\/unsplash.com<\/p>\n<p>Alle anderen Fotos und Grafiken:<br \/>\n\u00a9You In Berlin<\/p>\n<p>Besonderer Dank f\u00fcr die Unterst\u00fctzung bei der Erstellung der Website geht an<br \/>\nAndreas Balaskas, Patricia Reuter, Irene Klein-Link, Mauro di Pietra, Thomas Schott, Emanuele Salvati<\/p>\n","protected":false},"excerpt":{"rendered":"<p>Impressum Angaben gem\u00e4\u00df \u00a75 Telemediengesetz (TMG): You In Berlin Carlo Cimmino Propststra\u00dfe 1 10178 Berlin Telefon: +49 163 253 875 0 E-Mail: info@youinberlin.de Die Leistung ist gem\u00e4\u00df \u00a719 UStG von der Umsatzsteuer befreit (Kleinunternehmer Regelung) Inhaltlich Verantwortlicher gem. \u00a755 II RStV: Carlo Cimmino (Anschrift s.o.) Bildquellen: Die Inhalte der Website und die verwendeten Fotos sind [&hellip;]<\/p>\n","protected":false},"author":2,"featured_media":0,"parent":0,"menu_order":0,"comment_status":"closed","ping_status":"closed","template":"","meta":{"_themeisle_gutenberg_block_has_review":false,"footnotes":""},"class_list":["post-1235","page","type-page","status-publish","hentry"],"yoast_head":"<!-- This site is optimized with the Yoast SEO plugin v26.7 - https:\/\/yoast.com\/wordpress\/plugins\/seo\/ -->\n<title>Impressum - You In Berlin<\/title>\n<meta name=\"robots\" content=\"index, follow, max-snippet:-1, max-image-preview:large, max-video-preview:-1\" \/>\n<link rel=\"canonical\" href=\"https:\/\/youinberlin.de\/?page_id=1235&lang=de\" \/>\n<meta property=\"og:locale\" content=\"de_DE\" \/>\n<meta property=\"og:type\" content=\"article\" \/>\n<meta property=\"og:title\" content=\"Impressum - You In Berlin\" \/>\n<meta property=\"og:description\" content=\"Impressum Angaben gem\u00e4\u00df \u00a75 Telemediengesetz (TMG): You In Berlin Carlo Cimmino Propststra\u00dfe 1 10178 Berlin Telefon: +49 163 253 875 0 E-Mail: info@youinberlin.de Die Leistung ist gem\u00e4\u00df \u00a719 UStG von der Umsatzsteuer befreit (Kleinunternehmer Regelung) Inhaltlich Verantwortlicher gem. \u00a755 II RStV: Carlo Cimmino (Anschrift s.o.) Bildquellen: Die Inhalte der Website und die verwendeten Fotos sind [&hellip;]\" \/>\n<meta property=\"og:url\" content=\"https:\/\/youinberlin.de\/?page_id=1235&amp;lang=de\" \/>\n<meta property=\"og:site_name\" content=\"You In Berlin\" \/>\n<meta property=\"article:modified_time\" content=\"2019-07-26T14:16:55+00:00\" \/>\n<meta name=\"twitter:card\" content=\"summary_large_image\" \/>\n<script type=\"application\/ld+json\" class=\"yoast-schema-graph\">{\"@context\":\"https:\/\/schema.org\",\"@graph\":[{\"@type\":\"WebPage\",\"@id\":\"https:\/\/youinberlin.de\/?page_id=1235&lang=de\",\"url\":\"https:\/\/youinberlin.de\/?page_id=1235&lang=de\",\"name\":\"Impressum - You In Berlin\",\"isPartOf\":{\"@id\":\"https:\/\/youinberlin.de\/#website\"},\"datePublished\":\"2019-05-26T16:52:35+00:00\",\"dateModified\":\"2019-07-26T14:16:55+00:00\",\"breadcrumb\":{\"@id\":\"https:\/\/youinberlin.de\/?page_id=1235&lang=de#breadcrumb\"},\"inLanguage\":\"de\",\"potentialAction\":[{\"@type\":\"ReadAction\",\"target\":[\"https:\/\/youinberlin.de\/?page_id=1235&lang=de\"]}]},{\"@type\":\"BreadcrumbList\",\"@id\":\"https:\/\/youinberlin.de\/?page_id=1235&lang=de#breadcrumb\",\"itemListElement\":[{\"@type\":\"ListItem\",\"position\":1,\"name\":\"Start\",\"item\":\"https:\/\/youinberlin.de\/?lang=de\"},{\"@type\":\"ListItem\",\"position\":2,\"name\":\"Impressum\"}]},{\"@type\":\"WebSite\",\"@id\":\"https:\/\/youinberlin.de\/#website\",\"url\":\"https:\/\/youinberlin.de\/\",\"name\":\"You In Berlin\",\"description\":\"Multilingual Berlin City Tours - Deutsch - English - Italiano - Espa\u00f1ol\",\"potentialAction\":[{\"@type\":\"SearchAction\",\"target\":{\"@type\":\"EntryPoint\",\"urlTemplate\":\"https:\/\/youinberlin.de\/?s={search_term_string}\"},\"query-input\":{\"@type\":\"PropertyValueSpecification\",\"valueRequired\":true,\"valueName\":\"search_term_string\"}}],\"inLanguage\":\"de\"}]}<\/script>\n<!-- \/ Yoast SEO plugin. -->","yoast_head_json":{"title":"Impressum - You In Berlin","robots":{"index":"index","follow":"follow","max-snippet":"max-snippet:-1","max-image-preview":"max-image-preview:large","max-video-preview":"max-video-preview:-1"},"canonical":"https:\/\/youinberlin.de\/?page_id=1235&lang=de","og_locale":"de_DE","og_type":"article","og_title":"Impressum - You In Berlin","og_description":"Impressum Angaben gem\u00e4\u00df \u00a75 Telemediengesetz (TMG): You In Berlin Carlo Cimmino Propststra\u00dfe 1 10178 Berlin Telefon: +49 163 253 875 0 E-Mail: info@youinberlin.de Die Leistung ist gem\u00e4\u00df \u00a719 UStG von der Umsatzsteuer befreit (Kleinunternehmer Regelung) Inhaltlich Verantwortlicher gem. \u00a755 II RStV: Carlo Cimmino (Anschrift s.o.) Bildquellen: Die Inhalte der Website und die verwendeten Fotos sind [&hellip;]","og_url":"https:\/\/youinberlin.de\/?page_id=1235&lang=de","og_site_name":"You In Berlin","article_modified_time":"2019-07-26T14:16:55+00:00","twitter_card":"summary_large_image","schema":{"@context":"https:\/\/schema.org","@graph":[{"@type":"WebPage","@id":"https:\/\/youinberlin.de\/?page_id=1235&lang=de","url":"https:\/\/youinberlin.de\/?page_id=1235&lang=de","name":"Impressum - You In Berlin","isPartOf":{"@id":"https:\/\/youinberlin.de\/#website"},"datePublished":"2019-05-26T16:52:35+00:00","dateModified":"2019-07-26T14:16:55+00:00","breadcrumb":{"@id":"https:\/\/youinberlin.de\/?page_id=1235&lang=de#breadcrumb"},"inLanguage":"de","potentialAction":[{"@type":"ReadAction","target":["https:\/\/youinberlin.de\/?page_id=1235&lang=de"]}]},{"@type":"BreadcrumbList","@id":"https:\/\/youinberlin.de\/?page_id=1235&lang=de#breadcrumb","itemListElement":[{"@type":"ListItem","position":1,"name":"Start","item":"https:\/\/youinberlin.de\/?lang=de"},{"@type":"ListItem","position":2,"name":"Impressum"}]},{"@type":"WebSite","@id":"https:\/\/youinberlin.de\/#website","url":"https:\/\/youinberlin.de\/","name":"You In Berlin","description":"Multilingual Berlin City Tours - Deutsch - English - Italiano - Espa\u00f1ol","potentialAction":[{"@type":"SearchAction","target":{"@type":"EntryPoint","urlTemplate":"https:\/\/youinberlin.de\/?s={search_term_string}"},"query-input":{"@type":"PropertyValueSpecification","valueRequired":true,"valueName":"search_term_string"}}],"inLanguage":"de"}]}},"_links":{"self":[{"href":"https:\/\/youinberlin.de\/index.php?rest_route=\/wp\/v2\/pages\/1235","targetHints":{"allow":["GET"]}}],"collection":[{"href":"https:\/\/youinberlin.de\/index.php?rest_route=\/wp\/v2\/pages"}],"about":[{"href":"https:\/\/youinberlin.de\/index.php?rest_route=\/wp\/v2\/types\/page"}],"author":[{"embeddable":true,"href":"https:\/\/youinberlin.de\/index.php?rest_route=\/wp\/v2\/users\/2"}],"replies":[{"embeddable":true,"href":"https:\/\/youinberlin.de\/index.php?rest_route=%2Fwp%2Fv2%2Fcomments&post=1235"}],"version-history":[{"count":12,"href":"https:\/\/youinberlin.de\/index.php?rest_route=\/wp\/v2\/pages\/1235\/revisions"}],"predecessor-version":[{"id":1725,"href":"https:\/\/youinberlin.de\/index.php?rest_route=\/wp\/v2\/pages\/1235\/revisions\/1725"}],"wp:attachment":[{"href":"https:\/\/youinberlin.de\/index.php?rest_route=%2Fwp%2Fv2%2Fmedia&parent=1235"}],"curies":[{"name":"wp","href":"https:\/\/api.w.org\/{rel}","templated":true}]}}